{"id":1892,"date":"2025-01-31T19:34:09","date_gmt":"2025-01-31T19:34:09","guid":{"rendered":"https:\/\/beyondschool.pt\/faq\/"},"modified":"2025-11-02T22:33:12","modified_gmt":"2025-11-02T22:33:12","slug":"faq","status":"publish","type":"page","link":"https:\/\/beyondschool.pt\/pt-pt\/admissoes\/faq\/","title":{"rendered":"FAQ"},"content":{"rendered":"[vc_row type=&#8221;full_width_content&#8221; full_screen_row_position=&#8221;middle&#8221; column_margin=&#8221;default&#8221; equal_height=&#8221;yes&#8221; content_placement=&#8221;middle&#8221; column_direction=&#8221;default&#8221; column_direction_tablet=&#8221;default&#8221; column_direction_phone=&#8221;default&#8221; bg_color=&#8221;#ffffff&#8221; scene_position=&#8221;center&#8221; text_color=&#8221;dark&#8221; text_align=&#8221;left&#8221; row_border_radius=&#8221;none&#8221; row_border_radius_applies=&#8221;bg&#8221; overflow=&#8221;visible&#8221; overlay_strength=&#8221;0.3&#8243; gradient_direction=&#8221;left_to_right&#8221; shape_divider_position=&#8221;bottom&#8221; bg_image_animation=&#8221;none&#8221;][vc_column column_padding=&#8221;padding-8-percent&#8221; column_padding_tablet=&#8221;inherit&#8221; column_padding_phone=&#8221;inherit&#8221; column_padding_position=&#8221;all&#8221; column_element_direction_desktop=&#8221;default&#8221; column_element_spacing=&#8221;default&#8221; desktop_text_alignment=&#8221;default&#8221; tablet_text_alignment=&#8221;default&#8221; phone_text_alignment=&#8221;default&#8221; background_color=&#8221;#f4f4f4&#8243; background_color_opacity=&#8221;1&#8243; background_hover_color_opacity=&#8221;1&#8243; column_backdrop_filter=&#8221;none&#8221; column_shadow=&#8221;none&#8221; column_border_radius=&#8221;none&#8221; column_link_target=&#8221;_self&#8221; column_position=&#8221;default&#8221; gradient_direction=&#8221;left_to_right&#8221; overlay_strength=&#8221;0.3&#8243; width=&#8221;1\/2&#8243; tablet_width_inherit=&#8221;default&#8221; animation_type=&#8221;default&#8221; bg_image_animation=&#8221;none&#8221; border_type=&#8221;simple&#8221; column_border_width=&#8221;none&#8221; column_border_style=&#8221;solid&#8221; column_padding_type=&#8221;default&#8221; gradient_type=&#8221;default&#8221;][nectar_responsive_text inherited_font_style=&#8221;default&#8221; text_color=&#8221;#cc4c4c&#8221; text_direction=&#8221;default&#8221; font_line_height=&#8221;1&#8243;]\n<h5>ADMISS\u00d5ES<\/h5>\n[\/nectar_responsive_text][nectar_responsive_text inherited_font_style=&#8221;default&#8221; text_color=&#8221;#2d4d6d&#8221; text_direction=&#8221;default&#8221; font_line_height=&#8221;1.3&#8243; font_size_desktop=&#8221;30&#8243;]\n<h3>FAQ<\/h3>\n[\/nectar_responsive_text][vc_row_inner column_margin=&#8221;default&#8221; column_direction=&#8221;default&#8221; column_direction_tablet=&#8221;default&#8221; column_direction_phone=&#8221;default&#8221; top_padding=&#8221;20&#8243; bottom_padding=&#8221;20&#8243; text_align=&#8221;left&#8221; row_position=&#8221;default&#8221; row_position_tablet=&#8221;inherit&#8221; row_position_phone=&#8221;inherit&#8221; overflow=&#8221;visible&#8221; pointer_events=&#8221;all&#8221;][vc_column_inner column_padding=&#8221;no-extra-padding&#8221; column_padding_tablet=&#8221;inherit&#8221; column_padding_phone=&#8221;inherit&#8221; column_padding_position=&#8221;all&#8221; column_element_direction_desktop=&#8221;default&#8221; column_element_spacing=&#8221;default&#8221; desktop_text_alignment=&#8221;default&#8221; tablet_text_alignment=&#8221;default&#8221; phone_text_alignment=&#8221;default&#8221; background_color_opacity=&#8221;1&#8243; background_hover_color_opacity=&#8221;1&#8243; column_backdrop_filter=&#8221;none&#8221; column_shadow=&#8221;none&#8221; column_border_radius=&#8221;none&#8221; column_link_target=&#8221;_self&#8221; overflow=&#8221;visible&#8221; gradient_direction=&#8221;left_to_right&#8221; overlay_strength=&#8221;0.3&#8243; width=&#8221;1\/1&#8243; tablet_width_inherit=&#8221;default&#8221; animation_type=&#8221;default&#8221; bg_image_animation=&#8221;none&#8221; border_type=&#8221;simple&#8221; column_border_width=&#8221;none&#8221; column_border_style=&#8221;solid&#8221;][nectar_responsive_text inherited_font_style=&#8221;default&#8221; text_color=&#8221;#cc4c4c&#8221; text_direction=&#8221;default&#8221; font_line_height=&#8221;1.3&#8243; font_size_desktop=&#8221;22&#8243;]\n<h3>Informa\u00e7\u00f5es Gerais<\/h3>\n[\/nectar_responsive_text][\/vc_column_inner][\/vc_row_inner][toggles style=&#8221;minimal_small&#8221; accordion=&#8221;true&#8221; accordion_starting_functionality=&#8221;closed&#8221;][toggle color=&#8221;Accent-Color&#8221; heading_tag=&#8221;h4&#8243; heading_tag_functionality=&#8221;default&#8221; title=&#8221;Qual \u00e9 o idioma principal de ensino?&#8221;][nectar_responsive_text inherited_font_style=&#8221;default&#8221; font_size_min=&#8221;14px&#8221; font_size_max=&#8221;20px&#8221; font_line_height=&#8221;1.3&#8243; text_direction=&#8221;default&#8221;]Oferecemos uma educa\u00e7\u00e3o bil\u00edngue, onde o Portugu\u00eas e o Ingl\u00eas se fundem de forma natural e din\u00e2mica na mesma sala de aula.[\/nectar_responsive_text][\/toggle][toggle color=&#8221;Accent-Color&#8221; heading_tag=&#8221;h4&#8243; heading_tag_functionality=&#8221;default&#8221; title=&#8221;Para que idades a escola est\u00e1 preparada e como apoiar o seu desenvolvimento?&#8221;][nectar_responsive_text inherited_font_style=&#8221;default&#8221; font_size_min=&#8221;14px&#8221; font_size_max=&#8221;20px&#8221; font_line_height=&#8221;1.3&#8243; text_direction=&#8221;default&#8221;]A escola ir\u00e1 acolher crian\u00e7as dos 3 aos 10 anos, abrangendo os n\u00edveis de Early Years (3 a 5 anos) e Primary (5 a 10 anos). O nosso curr\u00edculo foi cuidadosamente concebido para responder \u00e0s necessidades de desenvolvimento de cada faixa et\u00e1ria, proporcionando uma experi\u00eancia educativa enriquecedora e acolhedora. Fomentamos a curiosidade, o pensamento cr\u00edtico e o gosto pela aprendizagem desde os primeiros anos, criando bases s\u00f3lidas para o crescimento acad\u00e9mico e pessoal.[\/nectar_responsive_text][\/toggle][toggle color=&#8221;Accent-Color&#8221; heading_tag=&#8221;h4&#8243; heading_tag_functionality=&#8221;default&#8221; title=&#8221;A escola est\u00e1 acreditada pelo selo de Cambridge?&#8221;][nectar_responsive_text inherited_font_style=&#8221;default&#8221; font_size_min=&#8221;14px&#8221; font_size_max=&#8221;20px&#8221; font_line_height=&#8221;1.3&#8243; text_direction=&#8221;default&#8221;]Somos uma escola candidata a Cambridge, comprometida em oferecer aos nossos alunos percursos educativos diversificados e alinhados com as suas aspira\u00e7\u00f5es futuras.[\/nectar_responsive_text][\/toggle][\/toggles][vc_row_inner column_margin=&#8221;default&#8221; column_direction=&#8221;default&#8221; column_direction_tablet=&#8221;default&#8221; column_direction_phone=&#8221;default&#8221; top_padding=&#8221;20&#8243; bottom_padding=&#8221;20&#8243; text_align=&#8221;left&#8221; row_position=&#8221;default&#8221; row_position_tablet=&#8221;inherit&#8221; row_position_phone=&#8221;inherit&#8221; overflow=&#8221;visible&#8221; pointer_events=&#8221;all&#8221;][vc_column_inner column_padding=&#8221;no-extra-padding&#8221; column_padding_tablet=&#8221;inherit&#8221; column_padding_phone=&#8221;inherit&#8221; column_padding_position=&#8221;all&#8221; column_element_direction_desktop=&#8221;default&#8221; column_element_spacing=&#8221;default&#8221; desktop_text_alignment=&#8221;default&#8221; tablet_text_alignment=&#8221;default&#8221; phone_text_alignment=&#8221;default&#8221; background_color_opacity=&#8221;1&#8243; background_hover_color_opacity=&#8221;1&#8243; column_backdrop_filter=&#8221;none&#8221; column_shadow=&#8221;none&#8221; column_border_radius=&#8221;none&#8221; column_link_target=&#8221;_self&#8221; overflow=&#8221;visible&#8221; gradient_direction=&#8221;left_to_right&#8221; overlay_strength=&#8221;0.3&#8243; width=&#8221;1\/1&#8243; tablet_width_inherit=&#8221;default&#8221; animation_type=&#8221;default&#8221; bg_image_animation=&#8221;none&#8221; border_type=&#8221;simple&#8221; column_border_width=&#8221;none&#8221; column_border_style=&#8221;solid&#8221;][nectar_responsive_text inherited_font_style=&#8221;default&#8221; text_color=&#8221;#cc4c4c&#8221; text_direction=&#8221;default&#8221; font_line_height=&#8221;1.3&#8243; font_size_desktop=&#8221;22&#8243;]\n<h3>Admiss\u00f5es e Inscri\u00e7\u00f5es<\/h3>\n[\/nectar_responsive_text][\/vc_column_inner][\/vc_row_inner][toggles style=&#8221;minimal_small&#8221; accordion=&#8221;true&#8221; accordion_starting_functionality=&#8221;closed&#8221;][toggle color=&#8221;Accent-Color&#8221; heading_tag=&#8221;h4&#8243; heading_tag_functionality=&#8221;default&#8221; title=&#8221;Como posso agendar uma visita com a equipa de admiss\u00f5es?&#8221;][nectar_responsive_text inherited_font_style=&#8221;default&#8221; font_size_min=&#8221;14px&#8221; font_size_max=&#8221;20px&#8221; font_line_height=&#8221;1.3&#8243; text_direction=&#8221;default&#8221;]Pode agendar a sua visita atrav\u00e9s do formul\u00e1rio dispon\u00edvel no nosso site (atrav\u00e9s deste <a href=\"https:\/\/beyondschool.pt\/pt-pt\/enquire\/\">link<\/a>) ou contactar-nos diretamente por telefone +351 917 412 381.[\/nectar_responsive_text][\/toggle][toggle color=&#8221;Accent-Color&#8221; heading_tag=&#8221;h4&#8243; heading_tag_functionality=&#8221;default&#8221; title=&#8221;Onde posso encontrar informa\u00e7\u00f5es sobre as mensalidades?&#8221;][nectar_responsive_text inherited_font_style=&#8221;default&#8221; font_size_min=&#8221;14px&#8221; font_size_max=&#8221;20px&#8221; font_line_height=&#8221;1.3&#8243; text_direction=&#8221;default&#8221;]Encontre o pre\u00e7\u00e1rio para o ano letivo 2025-26 no nosso site; Admiss\u00f5es &gt;&gt; Pre\u00e7\u00e1rio; ou atrav\u00e9s deste <a href=\"https:\/\/beyondschool.pt\/wp-content\/uploads\/2025\/02\/BIS-Fees-2025-26.pdf\">link<\/a>.[\/nectar_responsive_text][\/toggle][\/toggles][vc_row_inner column_margin=&#8221;default&#8221; column_direction=&#8221;default&#8221; column_direction_tablet=&#8221;default&#8221; column_direction_phone=&#8221;default&#8221; top_padding=&#8221;20&#8243; constrain_group_1=&#8221;yes&#8221; bottom_padding=&#8221;20&#8243; text_align=&#8221;left&#8221; row_position=&#8221;default&#8221; row_position_tablet=&#8221;inherit&#8221; row_position_phone=&#8221;inherit&#8221; overflow=&#8221;visible&#8221; pointer_events=&#8221;all&#8221;][vc_column_inner column_padding=&#8221;no-extra-padding&#8221; column_padding_tablet=&#8221;inherit&#8221; column_padding_phone=&#8221;inherit&#8221; column_padding_position=&#8221;all&#8221; column_element_direction_desktop=&#8221;default&#8221; column_element_spacing=&#8221;default&#8221; desktop_text_alignment=&#8221;default&#8221; tablet_text_alignment=&#8221;default&#8221; phone_text_alignment=&#8221;default&#8221; background_color_opacity=&#8221;1&#8243; background_hover_color_opacity=&#8221;1&#8243; column_backdrop_filter=&#8221;none&#8221; column_shadow=&#8221;none&#8221; column_border_radius=&#8221;none&#8221; column_link_target=&#8221;_self&#8221; overflow=&#8221;visible&#8221; gradient_direction=&#8221;left_to_right&#8221; overlay_strength=&#8221;0.3&#8243; width=&#8221;1\/1&#8243; tablet_width_inherit=&#8221;default&#8221; animation_type=&#8221;default&#8221; bg_image_animation=&#8221;none&#8221; border_type=&#8221;simple&#8221; column_border_width=&#8221;none&#8221; column_border_style=&#8221;solid&#8221;][nectar_responsive_text inherited_font_style=&#8221;default&#8221; text_color=&#8221;#cc4c4c&#8221; text_direction=&#8221;default&#8221; font_line_height=&#8221;1&#8243; font_size_desktop=&#8221;22&#8243;]\n<h3>Instala\u00e7\u00f5es e Funcionamento<\/h3>\n[\/nectar_responsive_text][\/vc_column_inner][\/vc_row_inner][toggles style=&#8221;minimal_small&#8221; accordion=&#8221;true&#8221; accordion_starting_functionality=&#8221;closed&#8221;][toggle color=&#8221;Accent-Color&#8221; heading_tag=&#8221;h4&#8243; heading_tag_functionality=&#8221;default&#8221; title=&#8221;Quando ser\u00e1 conclu\u00edda a constru\u00e7\u00e3o da escola?&#8221;][nectar_responsive_text inherited_font_style=&#8221;default&#8221; font_size_min=&#8221;14px&#8221; font_size_max=&#8221;20px&#8221; font_line_height=&#8221;1.3&#8243; text_direction=&#8221;default&#8221;]A constru\u00e7\u00e3o da escola dever\u00e1 estar conclu\u00edda at\u00e9 Junho de 2025.[\/nectar_responsive_text][\/toggle][toggle color=&#8221;Accent-Color&#8221; heading_tag=&#8221;h4&#8243; heading_tag_functionality=&#8221;default&#8221; title=&#8221;O hor\u00e1rio de funcionamento da escola ser\u00e1 o seguinte:&#8221;][nectar_responsive_text inherited_font_style=&#8221;default&#8221; font_size_min=&#8221;14px&#8221; font_size_max=&#8221;20px&#8221; font_line_height=&#8221;1.3&#8243; text_direction=&#8221;default&#8221;]<b>Hor\u00e1rio de funcionamento: <\/b>08:00 &#8211; 18:00<br \/>\n<b>Hor\u00e1rio letivo: <\/b>08:30 &#8211; 16:30<br \/>\n<b>Atividades extracurriculares opcionais: <\/b>17:00 &#8211; 18:00[\/nectar_responsive_text][\/toggle][toggle color=&#8221;Accent-Color&#8221; heading_tag=&#8221;h4&#8243; heading_tag_functionality=&#8221;default&#8221; title=&#8221;Haver\u00e1 servi\u00e7o de autocarro escolar?&#8221;][nectar_responsive_text inherited_font_style=&#8221;default&#8221; font_size_min=&#8221;14px&#8221; font_size_max=&#8221;20px&#8221; font_line_height=&#8221;1.3&#8243; text_direction=&#8221;default&#8221;]Sim, haver\u00e1 um servi\u00e7o de autocarro escolar dispon\u00edvel, com hor\u00e1rios agendados consoante o n\u00famero m\u00ednimo de participantes por rota.[\/nectar_responsive_text][\/toggle][toggle color=&#8221;Accent-Color&#8221; heading_tag=&#8221;h4&#8243; heading_tag_functionality=&#8221;default&#8221; title=&#8221;Que atividades extracurriculares estar\u00e3o dispon\u00edveis e como contribuem para o desenvolvimento dos alunos?&#8221;][nectar_responsive_text inherited_font_style=&#8221;default&#8221; font_size_min=&#8221;14px&#8221; font_size_max=&#8221;20px&#8221; font_line_height=&#8221;1.3&#8243; text_direction=&#8221;default&#8221;]Acreditamos que a atividade f\u00edsica \u00e9 crucial para o desenvolvimento global das crian\u00e7as, por isso oferecemos uma variedade de programas desportivos pensados para promover o trabalho em equipa, a disciplina e a condi\u00e7\u00e3o f\u00edsica. Disponibilizaremos em breve a lista de todas as nossas extracurriculares.[\/nectar_responsive_text][\/toggle][\/toggles][\/vc_column][vc_column column_padding=&#8221;no-extra-padding&#8221; column_padding_tablet=&#8221;inherit&#8221; column_padding_phone=&#8221;inherit&#8221; column_padding_position=&#8221;all&#8221; column_element_direction_desktop=&#8221;default&#8221; column_element_spacing=&#8221;default&#8221; desktop_text_alignment=&#8221;default&#8221; tablet_text_alignment=&#8221;default&#8221; phone_text_alignment=&#8221;default&#8221; background_color_opacity=&#8221;1&#8243; background_hover_color_opacity=&#8221;1&#8243; background_image=&#8221;3162&#8243; background_image_position=&#8221;center center&#8221; background_image_stacking=&#8221;default&#8221; enable_bg_scale=&#8221;true&#8221; background_image_loading=&#8221;default&#8221; column_backdrop_filter=&#8221;none&#8221; column_shadow=&#8221;none&#8221; column_border_radius=&#8221;none&#8221; column_link_target=&#8221;_self&#8221; column_position=&#8221;default&#8221; gradient_direction=&#8221;left_to_right&#8221; overlay_strength=&#8221;0.3&#8243; width=&#8221;1\/2&#8243; tablet_width_inherit=&#8221;default&#8221; animation_type=&#8221;default&#8221; bg_image_animation=&#8221;none&#8221; border_type=&#8221;simple&#8221; column_border_width=&#8221;none&#8221; column_border_style=&#8221;solid&#8221; column_padding_type=&#8221;default&#8221; gradient_type=&#8221;default&#8221; offset=&#8221;vc_hidden-xs&#8221;][\/vc_column][\/vc_row]\n","protected":false},"excerpt":{"rendered":"<p>[vc_row type=&#8221;full_width_content&#8221; full_screen_row_position=&#8221;middle&#8221; column_margin=&#8221;default&#8221; equal_height=&#8221;yes&#8221; content_placement=&#8221;middle&#8221; column_direction=&#8221;default&#8221; column_direction_tablet=&#8221;default&#8221; column_direction_phone=&#8221;default&#8221; bg_color=&#8221;#ffffff&#8221; scene_position=&#8221;center&#8221; text_color=&#8221;dark&#8221; text_align=&#8221;left&#8221; row_border_radius=&#8221;none&#8221; row_border_radius_applies=&#8221;bg&#8221; overflow=&#8221;visible&#8221; overlay_strength=&#8221;0.3&#8243; gradient_direction=&#8221;left_to_right&#8221; shape_divider_position=&#8221;bottom&#8221; bg_image_animation=&#8221;none&#8221;][vc_column column_padding=&#8221;padding-8-percent&#8221; column_padding_tablet=&#8221;inherit&#8221; column_padding_phone=&#8221;inherit&#8221; column_padding_position=&#8221;all&#8221; column_element_direction_desktop=&#8221;default&#8221; column_element_spacing=&#8221;default&#8221; desktop_text_alignment=&#8221;default&#8221; tablet_text_alignment=&#8221;default&#8221; phone_text_alignment=&#8221;default&#8221; background_color=&#8221;#f4f4f4&#8243;&#8230;<\/p>\n","protected":false},"author":1,"featured_media":0,"parent":2007,"menu_order":0,"comment_status":"closed","ping_status":"closed","template":"","meta":{"inline_featured_image":false,"footnotes":""},"class_list":["post-1892","page","type-page","status-publish"],"_links":{"self":[{"href":"https:\/\/beyondschool.pt\/pt-pt\/wp-json\/wp\/v2\/pages\/1892","targetHints":{"allow":["GET"]}}],"collection":[{"href":"https:\/\/beyondschool.pt\/pt-pt\/wp-json\/wp\/v2\/pages"}],"about":[{"href":"https:\/\/beyondschool.pt\/pt-pt\/wp-json\/wp\/v2\/types\/page"}],"author":[{"embeddable":true,"href":"https:\/\/beyondschool.pt\/pt-pt\/wp-json\/wp\/v2\/users\/1"}],"replies":[{"embeddable":true,"href":"https:\/\/beyondschool.pt\/pt-pt\/wp-json\/wp\/v2\/comments?post=1892"}],"version-history":[{"count":1,"href":"https:\/\/beyondschool.pt\/pt-pt\/wp-json\/wp\/v2\/pages\/1892\/revisions"}],"predecessor-version":[{"id":3958,"href":"https:\/\/beyondschool.pt\/pt-pt\/wp-json\/wp\/v2\/pages\/1892\/revisions\/3958"}],"up":[{"embeddable":true,"href":"https:\/\/beyondschool.pt\/pt-pt\/wp-json\/wp\/v2\/pages\/2007"}],"wp:attachment":[{"href":"https:\/\/beyondschool.pt\/pt-pt\/wp-json\/wp\/v2\/media?parent=1892"}],"curies":[{"name":"wp","href":"https:\/\/api.w.org\/{rel}","templated":true}]}}