{"id":1883,"date":"2025-01-31T18:57:59","date_gmt":"2025-01-31T18:57:59","guid":{"rendered":"https:\/\/beyondschool.pt\/menu-escolar\/"},"modified":"2026-02-28T15:08:35","modified_gmt":"2026-02-28T15:08:35","slug":"menu-escolar","status":"publish","type":"page","link":"https:\/\/beyondschool.pt\/pt-pt\/dia-a-dia\/menu-escolar\/","title":{"rendered":"Menu Escolar"},"content":{"rendered":"[vc_row type=&#8221;full_width_content&#8221; full_screen_row_position=&#8221;middle&#8221; column_margin=&#8221;default&#8221; column_direction=&#8221;default&#8221; column_direction_tablet=&#8221;default&#8221; column_direction_phone=&#8221;default&#8221; scene_position=&#8221;center&#8221; text_color=&#8221;dark&#8221; text_align=&#8221;left&#8221; row_border_radius=&#8221;none&#8221; row_border_radius_applies=&#8221;bg&#8221; row_position_desktop=&#8221;default&#8221; row_position_tablet=&#8221;inherit&#8221; row_position_phone=&#8221;inherit&#8221; overflow=&#8221;visible&#8221; overlay_strength=&#8221;0.3&#8243; gradient_direction=&#8221;left_to_right&#8221; shape_divider_position=&#8221;bottom&#8221; bg_image_animation=&#8221;none&#8221; gradient_type=&#8221;default&#8221; shape_type=&#8221;&#8221;][vc_column column_padding=&#8221;no-extra-padding&#8221; column_padding_tablet=&#8221;inherit&#8221; column_padding_phone=&#8221;inherit&#8221; column_padding_position=&#8221;all&#8221; flex_gap_desktop=&#8221;10px&#8221; column_element_direction_desktop=&#8221;default&#8221; column_element_spacing=&#8221;default&#8221; desktop_text_alignment=&#8221;default&#8221; tablet_text_alignment=&#8221;default&#8221; phone_text_alignment=&#8221;default&#8221; background_color_opacity=&#8221;1&#8243; background_hover_color_opacity=&#8221;1&#8243; column_backdrop_filter=&#8221;none&#8221; column_shadow=&#8221;none&#8221; column_border_radius=&#8221;none&#8221; column_link_target=&#8221;_self&#8221; column_position=&#8221;default&#8221; gradient_direction=&#8221;left_to_right&#8221; overlay_strength=&#8221;0.3&#8243; width=&#8221;1\/1&#8243; tablet_width_inherit=&#8221;default&#8221; animation_type=&#8221;default&#8221; bg_image_animation=&#8221;none&#8221; border_type=&#8221;simple&#8221; column_border_width=&#8221;none&#8221; column_border_style=&#8221;solid&#8221; column_padding_type=&#8221;default&#8221; gradient_type=&#8221;default&#8221; offset=&#8221;vc_hidden-lg vc_hidden-md vc_hidden-sm&#8221;][image_with_animation image_url=&#8221;1200&#8243; image_size=&#8221;full&#8221; max_width=&#8221;100%&#8221; max_width_mobile=&#8221;default&#8221; animation_type=&#8221;entrance&#8221; animation=&#8221;None&#8221; animation_movement_type=&#8221;transform_y&#8221; hover_animation=&#8221;none&#8221; alignment=&#8221;&#8221; border_radius=&#8221;none&#8221; box_shadow=&#8221;none&#8221; image_loading=&#8221;default&#8221;][\/vc_column][\/vc_row][vc_row type=&#8221;full_width_content&#8221; full_screen_row_position=&#8221;middle&#8221; column_margin=&#8221;default&#8221; equal_height=&#8221;yes&#8221; content_placement=&#8221;middle&#8221; column_direction=&#8221;default&#8221; column_direction_tablet=&#8221;default&#8221; column_direction_phone=&#8221;default&#8221; bg_color=&#8221;#ffffff&#8221; scene_position=&#8221;center&#8221; text_color=&#8221;dark&#8221; text_align=&#8221;left&#8221; row_border_radius=&#8221;none&#8221; row_border_radius_applies=&#8221;bg&#8221; row_position_desktop=&#8221;default&#8221; row_position_tablet=&#8221;inherit&#8221; row_position_phone=&#8221;inherit&#8221; overflow=&#8221;visible&#8221; overlay_strength=&#8221;0.3&#8243; gradient_direction=&#8221;left_to_right&#8221; shape_divider_position=&#8221;bottom&#8221; bg_image_animation=&#8221;none&#8221;][vc_column column_padding=&#8221;padding-8-percent&#8221; column_padding_tablet=&#8221;inherit&#8221; column_padding_phone=&#8221;inherit&#8221; column_padding_position=&#8221;all&#8221; flex_gap_desktop=&#8221;10px&#8221; column_element_direction_desktop=&#8221;default&#8221; column_element_spacing=&#8221;default&#8221; desktop_text_alignment=&#8221;default&#8221; tablet_text_alignment=&#8221;default&#8221; phone_text_alignment=&#8221;default&#8221; background_color=&#8221;#f4f4f4&#8243; background_color_opacity=&#8221;1&#8243; background_hover_color_opacity=&#8221;1&#8243; column_backdrop_filter=&#8221;none&#8221; column_shadow=&#8221;none&#8221; column_border_radius=&#8221;none&#8221; column_link_target=&#8221;_self&#8221; column_position=&#8221;default&#8221; gradient_direction=&#8221;left_to_right&#8221; overlay_strength=&#8221;0.3&#8243; width=&#8221;1\/2&#8243; tablet_width_inherit=&#8221;default&#8221; animation_type=&#8221;default&#8221; bg_image_animation=&#8221;none&#8221; border_type=&#8221;simple&#8221; column_border_width=&#8221;none&#8221; column_border_style=&#8221;solid&#8221; column_padding_type=&#8221;default&#8221; gradient_type=&#8221;default&#8221;][nectar_responsive_text inherited_font_style=&#8221;default&#8221; text_color=&#8221;#cc4c4c&#8221; text_direction=&#8221;default&#8221; font_line_height=&#8221;1&#8243;]\n<h5>DAILY LIFE<\/h5>\n[\/nectar_responsive_text][nectar_responsive_text inherited_font_style=&#8221;default&#8221; text_color=&#8221;#2d4d6d&#8221; text_direction=&#8221;default&#8221; font_line_height=&#8221;1&#8243; font_size_desktop=&#8221;30&#8243;]\n<h3>Refei\u00e7\u00f5es Di\u00e1rias Saud\u00e1veis e Deliciosas<\/h3>\n[\/nectar_responsive_text][nectar_responsive_text inherited_font_style=&#8221;default&#8221; text_direction=&#8221;default&#8221;]\n<p data-start=\"183\" data-end=\"492\">Todos os dias, os alunos desfrutam de uma sele\u00e7\u00e3o cuidadosamente planeada de refei\u00e7\u00f5es nutritivas, preparadas pela nossa chef. Estas incluem um lanche da manh\u00e3, um almo\u00e7o principal equilibrado e um lanche da tarde, antes da sa\u00edda da escola ou da participa\u00e7\u00e3o nas atividades extracurriculares.<\/p>\n<p data-start=\"494\" data-end=\"621\">Os alunos podem contar diariamente com refei\u00e7\u00f5es energ\u00e9ticas, com op\u00e7\u00f5es de peixe, carne e vegetarianas dispon\u00edveis para todos.<\/p>\n<p data-start=\"623\" data-end=\"864\">Em qualquer momento do dia, os alunos que sintam fome podem servir-se de uma pe\u00e7a de fruta ou de um lanche saud\u00e1vel. Estas refei\u00e7\u00f5es foram pensadas para ajudar os alunos a manterem a concentra\u00e7\u00e3o e a promover o seu bem-estar ao longo do dia.<\/p>\n[\/nectar_responsive_text][nectar_cta btn_style=&#8221;basic&#8221; heading_tag=&#8221;h6&#8243; link_type=&#8221;new_tab&#8221; button_color=&#8221;extra-color-2&#8243; button_color_hover=&#8221;#40a9e2&#8243; text_color=&#8221;#ffffff&#8221; text_color_hover=&#8221;#ffffff&#8221; button_border_color=&#8221;#df7777&#8243; button_border_color_hover=&#8221;#40a9e2&#8243; button_border_thickness=&#8221;1px&#8221; alignment=&#8221;left&#8221; alignment_tablet=&#8221;default&#8221; alignment_phone=&#8221;default&#8221; constrain_group_3=&#8221;yes&#8221; constrain_group_4=&#8221;yes&#8221; display=&#8221;inline&#8221; display_tablet=&#8221;inline-block&#8221; display_phone=&#8221;inline-block&#8221; icon_family=&#8221;none&#8221; font_size_desktop=&#8221;15&#8243; link_text=&#8221;Menu Fevereiro&#8221; margin_top=&#8221;30&#8243; margin_bottom=&#8221;30&#8243; margin_right=&#8221;10&#8243; padding_top=&#8221;10&#8243; padding_bottom=&#8221;10&#8243; padding_left=&#8221;30&#8243; padding_right=&#8221;30&#8243; url=&#8221;https:\/\/beyondschool.pt\/wp-content\/uploads\/2026\/01\/fev-feb.pdf&#8221;][nectar_cta btn_style=&#8221;basic&#8221; heading_tag=&#8221;h6&#8243; link_type=&#8221;video_lightbox&#8221; button_color=&#8221;default&#8221; button_color_hover=&#8221;#40a9e2&#8243; text_color=&#8221;#40A9E2&#8243; text_color_hover=&#8221;#ffffff&#8221; button_border_color=&#8221;#40A9E2&#8243; button_border_color_hover=&#8221;#40a9e2&#8243; button_border_thickness=&#8221;1px&#8221; alignment=&#8221;left&#8221; alignment_tablet=&#8221;default&#8221; alignment_phone=&#8221;default&#8221; constrain_group_3=&#8221;yes&#8221; constrain_group_4=&#8221;yes&#8221; display=&#8221;inline&#8221; display_tablet=&#8221;inline-block&#8221; display_phone=&#8221;inline-block&#8221; icon_family=&#8221;none&#8221; font_size_desktop=&#8221;15&#8243; link_text=&#8221;Conhe\u00e7a a nossa Chef&#8221; margin_top=&#8221;30&#8243; margin_bottom=&#8221;30&#8243; margin_right=&#8221;10&#8243; padding_top=&#8221;10&#8243; padding_bottom=&#8221;10&#8243; padding_left=&#8221;30&#8243; padding_right=&#8221;30&#8243; url=&#8221;https:\/\/youtube.com\/shorts\/cjJUihHPd-o&#8221;][\/vc_column][vc_column column_padding=&#8221;padding-8-percent&#8221; column_padding_tablet=&#8221;inherit&#8221; column_padding_phone=&#8221;inherit&#8221; column_padding_position=&#8221;all&#8221; flex_gap_desktop=&#8221;10px&#8221; column_element_direction_desktop=&#8221;default&#8221; column_element_spacing=&#8221;default&#8221; desktop_text_alignment=&#8221;default&#8221; tablet_text_alignment=&#8221;default&#8221; phone_text_alignment=&#8221;default&#8221; background_color_opacity=&#8221;1&#8243; background_hover_color_opacity=&#8221;1&#8243; background_image=&#8221;1189&#8243; background_image_type=&#8221;default&#8221; background_image_position=&#8221;center center&#8221; background_image_stacking=&#8221;default&#8221; background_image_loading=&#8221;default&#8221; column_backdrop_filter=&#8221;none&#8221; column_shadow=&#8221;none&#8221; column_border_radius=&#8221;none&#8221; column_link_target=&#8221;_self&#8221; column_position=&#8221;default&#8221; color_overlay=&#8221;#40a9e2&#8243; gradient_direction=&#8221;left_to_right&#8221; overlay_strength=&#8221;0.95&#8243; width=&#8221;1\/2&#8243; tablet_width_inherit=&#8221;default&#8221; animation_type=&#8221;default&#8221; bg_image_animation=&#8221;none&#8221; border_type=&#8221;simple&#8221; column_border_width=&#8221;none&#8221; column_border_style=&#8221;solid&#8221; column_padding_type=&#8221;default&#8221; gradient_type=&#8221;default&#8221;][nectar_responsive_text inherited_font_style=&#8221;default&#8221; text_color=&#8221;#ffffff&#8221; text_direction=&#8221;default&#8221;]\n<p data-start=\"743\" data-end=\"995\"><strong data-start=\"743\" data-end=\"760\">Lanche da Manh\u00e3<\/strong><br data-start=\"760\" data-end=\"763\" \/>O nosso lanche a meio da manh\u00e3 oferece um refor\u00e7o saud\u00e1vel de energia para ajudar os alunos a manterem-se ativos at\u00e9 \u00e0 hora do almo\u00e7o. Inclui uma sele\u00e7\u00e3o de frutas frescas, op\u00e7\u00f5es de cereais integrais e escolhas ricas em prote\u00edna, adequadas tanto para crian\u00e7as do pr\u00e9-escolar como do 1.\u00ba ciclo.<\/p>\n<p data-start=\"743\" data-end=\"995\"><strong>Almo\u00e7o<\/strong><br \/>\nO nosso almo\u00e7o principal proporciona uma refei\u00e7\u00e3o equilibrada e nutritiva, pensada para preparar os alunos para a tarde que se segue. Inclui uma variedade de legumes da \u00e9poca, cereais integrais e pratos ricos em prote\u00edna, adequados a alunos do ensino b\u00e1sico e secund\u00e1rio. Desta forma, garantimos que se mant\u00eam energizados e concentrados ao longo do dia, apoiando a aprendizagem e o bem-estar geral.<\/p>\n<p data-start=\"743\" data-end=\"995\"><strong data-start=\"743\" data-end=\"760\">Lanche da Tarde<\/strong><br \/>\nO lanche da tarde oferece um impulso suave de energia antes da participa\u00e7\u00e3o nas atividades extracurriculares. Inclui frutas frescas, bolachas saud\u00e1veis e outras op\u00e7\u00f5es nutritivas, ajudando os alunos a manterem-se revigorados e prontos para o resto do dia.<\/p>\n[\/nectar_responsive_text][\/vc_column][\/vc_row]\n","protected":false},"excerpt":{"rendered":"<p>[vc_row type=&#8221;full_width_content&#8221; full_screen_row_position=&#8221;middle&#8221; column_margin=&#8221;default&#8221; column_direction=&#8221;default&#8221; column_direction_tablet=&#8221;default&#8221; column_direction_phone=&#8221;default&#8221; scene_position=&#8221;center&#8221; text_color=&#8221;dark&#8221; text_align=&#8221;left&#8221; row_border_radius=&#8221;none&#8221; row_border_radius_applies=&#8221;bg&#8221; row_position_desktop=&#8221;default&#8221; row_position_tablet=&#8221;inherit&#8221; row_position_phone=&#8221;inherit&#8221; overflow=&#8221;visible&#8221; overlay_strength=&#8221;0.3&#8243; gradient_direction=&#8221;left_to_right&#8221; shape_divider_position=&#8221;bottom&#8221; bg_image_animation=&#8221;none&#8221; gradient_type=&#8221;default&#8221; shape_type=&#8221;&#8221;][vc_column column_padding=&#8221;no-extra-padding&#8221; column_padding_tablet=&#8221;inherit&#8221; column_padding_phone=&#8221;inherit&#8221; column_padding_position=&#8221;all&#8221; flex_gap_desktop=&#8221;10px&#8221; column_element_direction_desktop=&#8221;default&#8221; column_element_spacing=&#8221;default&#8221; desktop_text_alignment=&#8221;default&#8221;&#8230;<\/p>\n","protected":false},"author":1,"featured_media":0,"parent":2009,"menu_order":0,"comment_status":"closed","ping_status":"closed","template":"","meta":{"inline_featured_image":false,"footnotes":""},"class_list":["post-1883","page","type-page","status-publish"],"_links":{"self":[{"href":"https:\/\/beyondschool.pt\/pt-pt\/wp-json\/wp\/v2\/pages\/1883","targetHints":{"allow":["GET"]}}],"collection":[{"href":"https:\/\/beyondschool.pt\/pt-pt\/wp-json\/wp\/v2\/pages"}],"about":[{"href":"https:\/\/beyondschool.pt\/pt-pt\/wp-json\/wp\/v2\/types\/page"}],"author":[{"embeddable":true,"href":"https:\/\/beyondschool.pt\/pt-pt\/wp-json\/wp\/v2\/users\/1"}],"replies":[{"embeddable":true,"href":"https:\/\/beyondschool.pt\/pt-pt\/wp-json\/wp\/v2\/comments?post=1883"}],"version-history":[{"count":13,"href":"https:\/\/beyondschool.pt\/pt-pt\/wp-json\/wp\/v2\/pages\/1883\/revisions"}],"predecessor-version":[{"id":4452,"href":"https:\/\/beyondschool.pt\/pt-pt\/wp-json\/wp\/v2\/pages\/1883\/revisions\/4452"}],"up":[{"embeddable":true,"href":"https:\/\/beyondschool.pt\/pt-pt\/wp-json\/wp\/v2\/pages\/2009"}],"wp:attachment":[{"href":"https:\/\/beyondschool.pt\/pt-pt\/wp-json\/wp\/v2\/media?parent=1883"}],"curies":[{"name":"wp","href":"https:\/\/api.w.org\/{rel}","templated":true}]}}