{"id":1880,"date":"2025-01-31T19:23:33","date_gmt":"2025-01-31T19:23:33","guid":{"rendered":"https:\/\/beyondschool.pt\/actividades-extracurriculares\/"},"modified":"2025-11-02T13:06:34","modified_gmt":"2025-11-02T13:06:34","slug":"actividades-extracurriculares","status":"publish","type":"page","link":"https:\/\/beyondschool.pt\/pt-pt\/dia-a-dia\/actividades-extracurriculares\/","title":{"rendered":"Actividades Extracurriculares"},"content":{"rendered":"[vc_row type=&#8221;full_width_content&#8221; full_screen_row_position=&#8221;middle&#8221; column_margin=&#8221;default&#8221; column_direction=&#8221;default&#8221; column_direction_tablet=&#8221;default&#8221; column_direction_phone=&#8221;default&#8221; scene_position=&#8221;center&#8221; text_color=&#8221;dark&#8221; text_align=&#8221;left&#8221; row_border_radius=&#8221;none&#8221; row_border_radius_applies=&#8221;bg&#8221; overflow=&#8221;visible&#8221; overlay_strength=&#8221;0.3&#8243; gradient_direction=&#8221;left_to_right&#8221; shape_divider_position=&#8221;bottom&#8221; bg_image_animation=&#8221;none&#8221; gradient_type=&#8221;default&#8221; shape_type=&#8221;&#8221;][vc_column column_padding=&#8221;no-extra-padding&#8221; column_padding_tablet=&#8221;inherit&#8221; column_padding_phone=&#8221;inherit&#8221; column_padding_position=&#8221;all&#8221; column_element_direction_desktop=&#8221;default&#8221; column_element_spacing=&#8221;default&#8221; desktop_text_alignment=&#8221;default&#8221; tablet_text_alignment=&#8221;default&#8221; phone_text_alignment=&#8221;default&#8221; background_color_opacity=&#8221;1&#8243; background_hover_color_opacity=&#8221;1&#8243; column_backdrop_filter=&#8221;none&#8221; column_shadow=&#8221;none&#8221; column_border_radius=&#8221;none&#8221; column_link_target=&#8221;_self&#8221; column_position=&#8221;default&#8221; gradient_direction=&#8221;left_to_right&#8221; overlay_strength=&#8221;0.3&#8243; width=&#8221;1\/1&#8243; tablet_width_inherit=&#8221;default&#8221; animation_type=&#8221;default&#8221; bg_image_animation=&#8221;none&#8221; border_type=&#8221;simple&#8221; column_border_width=&#8221;none&#8221; column_border_style=&#8221;solid&#8221; column_padding_type=&#8221;default&#8221; gradient_type=&#8221;default&#8221; offset=&#8221;vc_hidden-lg vc_hidden-md vc_hidden-sm&#8221;][image_with_animation image_url=&#8221;3386&#8243; image_size=&#8221;full&#8221; animation_type=&#8221;entrance&#8221; animation=&#8221;None&#8221; animation_movement_type=&#8221;transform_y&#8221; hover_animation=&#8221;none&#8221; alignment=&#8221;&#8221; border_radius=&#8221;none&#8221; box_shadow=&#8221;none&#8221; image_loading=&#8221;default&#8221; max_width=&#8221;100%&#8221; max_width_mobile=&#8221;default&#8221;][\/vc_column][\/vc_row][vc_row type=&#8221;full_width_content&#8221; full_screen_row_position=&#8221;middle&#8221; column_margin=&#8221;default&#8221; equal_height=&#8221;yes&#8221; content_placement=&#8221;middle&#8221; column_direction=&#8221;default&#8221; column_direction_tablet=&#8221;default&#8221; column_direction_phone=&#8221;default&#8221; bg_color=&#8221;#ffffff&#8221; scene_position=&#8221;center&#8221; text_color=&#8221;dark&#8221; text_align=&#8221;left&#8221; row_border_radius=&#8221;none&#8221; row_border_radius_applies=&#8221;bg&#8221; overflow=&#8221;visible&#8221; overlay_strength=&#8221;0.3&#8243; gradient_direction=&#8221;left_to_right&#8221; shape_divider_position=&#8221;bottom&#8221; bg_image_animation=&#8221;none&#8221;][vc_column column_padding=&#8221;padding-8-percent&#8221; column_padding_tablet=&#8221;inherit&#8221; column_padding_phone=&#8221;inherit&#8221; column_padding_position=&#8221;all&#8221; column_element_direction_desktop=&#8221;default&#8221; column_element_spacing=&#8221;default&#8221; desktop_text_alignment=&#8221;default&#8221; tablet_text_alignment=&#8221;default&#8221; phone_text_alignment=&#8221;default&#8221; background_color=&#8221;#f4f4f4&#8243; background_color_opacity=&#8221;1&#8243; background_hover_color_opacity=&#8221;1&#8243; column_backdrop_filter=&#8221;none&#8221; column_shadow=&#8221;none&#8221; column_border_radius=&#8221;none&#8221; column_link_target=&#8221;_self&#8221; column_position=&#8221;default&#8221; gradient_direction=&#8221;left_to_right&#8221; overlay_strength=&#8221;0.3&#8243; width=&#8221;1\/2&#8243; tablet_width_inherit=&#8221;default&#8221; animation_type=&#8221;default&#8221; bg_image_animation=&#8221;none&#8221; border_type=&#8221;simple&#8221; column_border_width=&#8221;none&#8221; column_border_style=&#8221;solid&#8221; column_padding_type=&#8221;default&#8221; gradient_type=&#8221;default&#8221;][nectar_responsive_text inherited_font_style=&#8221;default&#8221; text_color=&#8221;#cc4c4c&#8221; text_direction=&#8221;default&#8221; font_line_height=&#8221;1&#8243;]\n<h5>DAILY LIFE<\/h5>\n[\/nectar_responsive_text][nectar_responsive_text inherited_font_style=&#8221;default&#8221; text_color=&#8221;#2d4d6d&#8221; text_direction=&#8221;default&#8221; font_line_height=&#8221;1&#8243; font_size_desktop=&#8221;30&#8243;]\n<h3>Actividades Extracurriculares<\/h3>\n[\/nectar_responsive_text][nectar_responsive_text inherited_font_style=&#8221;default&#8221; text_direction=&#8221;default&#8221;]<b>Na Beyond International School, oferecemos um leque incr\u00edvel de atividades extracurriculares que v\u00e3o al\u00e9m do hor\u00e1rio escolar. Estas atividades foram cuidadosamente planeadas para responder aos diferentes interesses dos alunos, simplificando o dia a dia das nossas fam\u00edlias.<\/b><\/p>\n<p>Todas as nossas atividades extracurriculares s\u00e3o pensadas para complementar e enriquecer o percurso acad\u00e9mico. Desde desportos individuais e de equipa at\u00e9 artes marciais, passando pela m\u00fasica, aulas de dan\u00e7a, programas de ci\u00eancia, tecnologia e artes.<\/p>\n<p>Com o nosso programa extracurricular, incentivamos os alunos a experimentar coisas novas, explorar paix\u00f5es e desenvolver talentos. Al\u00e9m de serem divertidas, estas atividades contribuem para o crescimento saud\u00e1vel e o desenvolvimento de indiv\u00edduos completos e equilibrados.<\/p>\n[\/nectar_responsive_text][nectar_cta btn_style=&#8221;basic&#8221; heading_tag=&#8221;h6&#8243; button_color=&#8221;default&#8221; button_color_hover=&#8221;#cc4c4c&#8221; text_color=&#8221;#cc4c4c&#8221; text_color_hover=&#8221;#ffffff&#8221; button_border_color=&#8221;#cc4c4c&#8221; button_border_color_hover=&#8221;#cc4c4c&#8221; button_border_thickness=&#8221;1px&#8221; link_type=&#8221;regular&#8221; alignment=&#8221;left&#8221; alignment_tablet=&#8221;default&#8221; alignment_phone=&#8221;default&#8221; constrain_group_2=&#8221;yes&#8221; constrain_group_3=&#8221;yes&#8221; constrain_group_4=&#8221;yes&#8221; display=&#8221;inline&#8221; display_tablet=&#8221;inline-block&#8221; display_phone=&#8221;inline-block&#8221; icon_family=&#8221;none&#8221; font_size_desktop=&#8221;15&#8243; link_text=&#8221;Actividades&#8221; margin_top=&#8221;30&#8243; margin_bottom=&#8221;30&#8243; margin_left=&#8221;5&#8243; margin_right=&#8221;5&#8243; padding_top=&#8221;10&#8243; padding_bottom=&#8221;10&#8243; padding_left=&#8221;30&#8243; padding_right=&#8221;30&#8243; url=&#8221;#activities&#8221;][\/vc_column][vc_column column_padding=&#8221;no-extra-padding&#8221; column_padding_tablet=&#8221;inherit&#8221; column_padding_phone=&#8221;inherit&#8221; column_padding_position=&#8221;all&#8221; column_element_direction_desktop=&#8221;default&#8221; column_element_spacing=&#8221;default&#8221; desktop_text_alignment=&#8221;default&#8221; tablet_text_alignment=&#8221;default&#8221; phone_text_alignment=&#8221;default&#8221; background_color_opacity=&#8221;1&#8243; background_hover_color_opacity=&#8221;1&#8243; background_image=&#8221;3386&#8243; background_image_position=&#8221;right bottom&#8221; background_image_stacking=&#8221;default&#8221; enable_bg_scale=&#8221;true&#8221; background_image_loading=&#8221;default&#8221; column_backdrop_filter=&#8221;none&#8221; column_shadow=&#8221;none&#8221; column_border_radius=&#8221;none&#8221; column_link_target=&#8221;_self&#8221; column_position=&#8221;default&#8221; gradient_direction=&#8221;left_to_right&#8221; overlay_strength=&#8221;0.3&#8243; width=&#8221;1\/2&#8243; tablet_width_inherit=&#8221;default&#8221; animation_type=&#8221;default&#8221; bg_image_animation=&#8221;none&#8221; border_type=&#8221;simple&#8221; column_border_width=&#8221;none&#8221; column_border_style=&#8221;solid&#8221; column_padding_type=&#8221;default&#8221; gradient_type=&#8221;default&#8221; offset=&#8221;vc_hidden-xs&#8221;][\/vc_column][\/vc_row][vc_row type=&#8221;full_width_content&#8221; full_screen_row_position=&#8221;middle&#8221; column_margin=&#8221;default&#8221; equal_height=&#8221;yes&#8221; content_placement=&#8221;middle&#8221; column_direction=&#8221;default&#8221; column_direction_tablet=&#8221;default&#8221; column_direction_phone=&#8221;default&#8221; scene_position=&#8221;center&#8221; text_color=&#8221;dark&#8221; text_align=&#8221;left&#8221; row_border_radius=&#8221;none&#8221; row_border_radius_applies=&#8221;bg&#8221; overflow=&#8221;visible&#8221; overlay_strength=&#8221;0.3&#8243; gradient_direction=&#8221;left_to_right&#8221; shape_divider_position=&#8221;bottom&#8221; bg_image_animation=&#8221;none&#8221;][vc_column column_padding=&#8221;no-extra-padding&#8221; column_padding_tablet=&#8221;inherit&#8221; column_padding_phone=&#8221;inherit&#8221; column_padding_position=&#8221;all&#8221; column_element_direction_desktop=&#8221;default&#8221; column_element_spacing=&#8221;default&#8221; desktop_text_alignment=&#8221;default&#8221; tablet_text_alignment=&#8221;default&#8221; phone_text_alignment=&#8221;default&#8221; background_color_opacity=&#8221;1&#8243; background_hover_color_opacity=&#8221;1&#8243; background_image=&#8221;3100&#8243; background_image_position=&#8221;center center&#8221; background_image_stacking=&#8221;default&#8221; enable_bg_scale=&#8221;true&#8221; background_image_loading=&#8221;default&#8221; column_backdrop_filter=&#8221;none&#8221; column_shadow=&#8221;none&#8221; column_border_radius=&#8221;none&#8221; column_link_target=&#8221;_self&#8221; column_position=&#8221;default&#8221; gradient_direction=&#8221;left_to_right&#8221; overlay_strength=&#8221;0.3&#8243; width=&#8221;1\/2&#8243; tablet_width_inherit=&#8221;default&#8221; animation_type=&#8221;default&#8221; bg_image_animation=&#8221;none&#8221; border_type=&#8221;simple&#8221; column_border_width=&#8221;none&#8221; column_border_style=&#8221;solid&#8221; column_padding_type=&#8221;default&#8221; gradient_type=&#8221;default&#8221;][\/vc_column][vc_column column_padding=&#8221;padding-8-percent&#8221; column_padding_tablet=&#8221;inherit&#8221; column_padding_phone=&#8221;inherit&#8221; column_padding_position=&#8221;all&#8221; column_element_direction_desktop=&#8221;default&#8221; column_element_spacing=&#8221;default&#8221; desktop_text_alignment=&#8221;default&#8221; tablet_text_alignment=&#8221;default&#8221; phone_text_alignment=&#8221;default&#8221; background_color=&#8221;#ffffff&#8221; background_color_opacity=&#8221;1&#8243; background_hover_color_opacity=&#8221;1&#8243; column_backdrop_filter=&#8221;none&#8221; column_shadow=&#8221;none&#8221; column_border_radius=&#8221;none&#8221; column_link_target=&#8221;_self&#8221; column_position=&#8221;default&#8221; gradient_direction=&#8221;left_to_right&#8221; overlay_strength=&#8221;0.3&#8243; width=&#8221;1\/2&#8243; tablet_width_inherit=&#8221;default&#8221; animation_type=&#8221;default&#8221; bg_image_animation=&#8221;none&#8221; border_type=&#8221;simple&#8221; column_border_width=&#8221;none&#8221; column_border_style=&#8221;solid&#8221; column_padding_type=&#8221;default&#8221; gradient_type=&#8221;default&#8221;][nectar_responsive_text inherited_font_style=&#8221;default&#8221; text_color=&#8221;#cc4c4c&#8221; text_direction=&#8221;default&#8221; font_line_height=&#8221;1.3&#8243; font_size_desktop=&#8221;22&#8243;]\n<h3>Porque \u00e9 que as atividades extracurriculares s\u00e3o t\u00e3o importantes?<\/h3>\n[\/nectar_responsive_text][nectar_responsive_text inherited_font_style=&#8221;default&#8221; text_direction=&#8221;default&#8221;]<strong>Participar nestas atividades traz imensos benef\u00edcios! <\/strong><\/p>\n<p>Os alunos desenvolvem h\u00e1bitos saud\u00e1veis, ganham mais confian\u00e7a e descobrem novos interesses. \u00c9 tamb\u00e9m uma excelente forma de crescerem como indiv\u00edduos, melhorarem as suas compet\u00eancias e aproveitarem ao m\u00e1ximo a experi\u00eancia escolar.<\/p>\n<p>Estamos aqui para ajudar cada aluno a alcan\u00e7ar o seu m\u00e1ximo potencial \u2013 tudo isto enquanto se divertem e criam mem\u00f3rias inesquec\u00edveis.<\/p>\n[\/nectar_responsive_text][\/vc_column][\/vc_row][vc_row type=&#8221;full_width_content&#8221; full_screen_row_position=&#8221;middle&#8221; column_margin=&#8221;default&#8221; column_direction=&#8221;default&#8221; column_direction_tablet=&#8221;default&#8221; column_direction_phone=&#8221;default&#8221; scene_position=&#8221;center&#8221; constrain_group_1=&#8221;yes&#8221; left_padding_desktop=&#8221;5%&#8221; constrain_group_2=&#8221;yes&#8221; right_padding_desktop=&#8221;5%&#8221; top_padding_tablet=&#8221;10%&#8221; bottom_padding_tablet=&#8221;15%&#8221; left_padding_tablet=&#8221;8%&#8221; text_color=&#8221;dark&#8221; text_align=&#8221;left&#8221; row_border_radius=&#8221;none&#8221; row_border_radius_applies=&#8221;bg&#8221; overflow=&#8221;hidden&#8221; id=&#8221;activities&#8221; advanced_gradient_angle=&#8221;0&#8243; overlay_strength=&#8221;0.3&#8243; gradient_direction=&#8221;left_to_right&#8221; shape_divider_color=&#8221;#000000&#8243; shape_divider_position=&#8221;top&#8221; bg_image_animation=&#8221;none&#8221; shape_type=&#8221;straight_section&#8221; gradient_type=&#8221;default&#8221;][vc_column column_padding=&#8221;no-extra-padding&#8221; column_padding_tablet=&#8221;inherit&#8221; column_padding_phone=&#8221;inherit&#8221; column_padding_position=&#8221;all&#8221; column_element_direction_desktop=&#8221;default&#8221; column_element_spacing=&#8221;0px&#8221; desktop_text_alignment=&#8221;default&#8221; tablet_text_alignment=&#8221;default&#8221; phone_text_alignment=&#8221;default&#8221; background_color_opacity=&#8221;1&#8243; background_hover_color_opacity=&#8221;1&#8243; column_backdrop_filter=&#8221;none&#8221; column_shadow=&#8221;none&#8221; column_border_radius=&#8221;none&#8221; column_link_target=&#8221;_self&#8221; column_position=&#8221;default&#8221; gradient_direction=&#8221;left_to_right&#8221; overlay_strength=&#8221;0.3&#8243; width=&#8221;1\/1&#8243; tablet_width_inherit=&#8221;default&#8221; animation_type=&#8221;default&#8221; bg_image_animation=&#8221;none&#8221; border_type=&#8221;simple&#8221; column_border_width=&#8221;none&#8221; column_border_style=&#8221;solid&#8221;][carousel script=&#8221;flickity&#8221; flickity_formatting=&#8221;default&#8221; desktop_cols_flickity=&#8221;3&#8243; desktop_small_cols_flickity=&#8221;2&#8243; tablet_cols_flickity=&#8221;2&#8243; phone_cols_flickity=&#8221;1&#8243; flickity_controls=&#8221;next_prev_arrows_overlaid&#8221; color=&#8221;accent-color&#8221; flickity_overflow=&#8221;hidden&#8221; flickity_wrap_around=&#8221;wrap&#8221; flickity_spacing=&#8221;default&#8221; flickity_column_vertical_alignment=&#8221;default&#8221; column_padding=&#8221;5px&#8221; flickity_element_spacing=&#8221;default&#8221; border_radius=&#8221;none&#8221;][item simple_slider_bg_image_position=&#8221;default&#8221; simple_slider_overlay_strength=&#8221;0.3&#8243; simple_slider_bg_image_loading=&#8221;default&#8221; id=&#8221;1762088742703-6&#8243; title=&#8221;Item&#8221; tab_id=&#8221;1762088742703-8&#8243;][fancy_box box_style=&#8221;color_box_basic&#8221; icon_family=&#8221;none&#8221; box_color=&#8221;#ffffff&#8221; content_color=&#8221;#2d4d6d&#8221; box_color_opacity=&#8221;0&#8243; box_alignment=&#8221;left&#8221; border_radius=&#8221;10px&#8221; image_loading=&#8221;default&#8221; image_size=&#8221;large&#8221;]\n<h4>DAN\u00c7A<br \/>\n3+<\/h4>\n<p>A dan\u00e7a \u00e9 uma forma divertida e criativa de as crian\u00e7as se expressarem, manterem-se ativas e ganharem confian\u00e7a. Desde os estilos cl\u00e1ssicos aos contempor\u00e2neos, as nossas sess\u00f5es incentivam o movimento, o ritmo e a imagina\u00e7\u00e3o num ambiente positivo e de apoio.[\/fancy_box][\/item][item simple_slider_bg_image_position=&#8221;default&#8221; simple_slider_overlay_strength=&#8221;0.3&#8243; simple_slider_bg_image_loading=&#8221;default&#8221; id=&#8221;1762088742733-10&#8243; title=&#8221;Item&#8221; tab_id=&#8221;1762088742733-4&#8243;][fancy_box box_style=&#8221;color_box_basic&#8221; icon_family=&#8221;none&#8221; box_color=&#8221;#ffffff&#8221; content_color=&#8221;#2d4d6d&#8221; box_color_opacity=&#8221;0&#8243; box_alignment=&#8221;left&#8221; border_radius=&#8221;10px&#8221; image_loading=&#8221;default&#8221; image_size=&#8221;large&#8221;]\n<h4>ROB\u00d3TICA<br \/>\n6+<\/h4>\n<p>A rob\u00f3tica introduz as crian\u00e7as no entusiasmante mundo da tecnologia e da inova\u00e7\u00e3o. Atrav\u00e9s da constru\u00e7\u00e3o e da programa\u00e7\u00e3o, desenvolvem compet\u00eancias de resolu\u00e7\u00e3o de problemas, criatividade e trabalho em equipa, enquanto se divertem a explorar como as coisas funcionam.[\/fancy_box][\/item][item simple_slider_bg_image_position=&#8221;default&#8221; simple_slider_overlay_strength=&#8221;0.3&#8243; simple_slider_bg_image_loading=&#8221;default&#8221; id=&#8221;1762088742751-3&#8243; title=&#8221;Item&#8221; tab_id=&#8221;1762088742752-3&#8243;][fancy_box box_style=&#8221;color_box_basic&#8221; icon_family=&#8221;none&#8221; box_color=&#8221;#ffffff&#8221; content_color=&#8221;#2d4d6d&#8221; box_color_opacity=&#8221;0&#8243; box_alignment=&#8221;left&#8221; border_radius=&#8221;10px&#8221; image_loading=&#8221;default&#8221; image_size=&#8221;large&#8221;]\n<h4>LIGA LEGO<br \/>\n3+<\/h4>\n<p>As sess\u00f5es de Lego despertam a imagina\u00e7\u00e3o e a criatividade pr\u00e1tica. As crian\u00e7as projetam, constroem e experimentam, desenvolvendo no\u00e7\u00f5es espaciais, colabora\u00e7\u00e3o e capacidade de resolu\u00e7\u00e3o de problemas num ambiente de aprendizagem divertido.[\/fancy_box][\/item][item simple_slider_bg_image_position=&#8221;default&#8221; simple_slider_overlay_strength=&#8221;0.3&#8243; simple_slider_bg_image_loading=&#8221;default&#8221; id=&#8221;1762088742827-4&#8243; title=&#8221;Item&#8221; tab_id=&#8221;1762088742827-2&#8243;][fancy_box box_style=&#8221;color_box_basic&#8221; icon_family=&#8221;none&#8221; box_color=&#8221;#ffffff&#8221; content_color=&#8221;#2d4d6d&#8221; box_color_opacity=&#8221;0&#8243; box_alignment=&#8221;left&#8221; border_radius=&#8221;default&#8221; image_loading=&#8221;default&#8221; enable_animation=&#8221;true&#8221; animation=&#8221;fade-in-from-right&#8221; image_size=&#8221;large&#8221; delay=&#8221;500&#8243;]\n<h4>INSTRUMENTOS MUSICAIS<br \/>\n3+<\/h4>\n<p>Aprender a tocar um instrumento ajuda as crian\u00e7as a expressarem-se, a ganharem confian\u00e7a e a desenvolverem a concentra\u00e7\u00e3o. Do ritmo \u00e0 melodia, cada nota \u00e9 um passo em dire\u00e7\u00e3o \u00e0 criatividade e \u00e0 alegria atrav\u00e9s da m\u00fasica.[\/fancy_box][\/item][item simple_slider_bg_image_position=&#8221;default&#8221; simple_slider_overlay_strength=&#8221;0.3&#8243; simple_slider_bg_image_loading=&#8221;default&#8221; id=&#8221;1762088742787-9&#8243; title=&#8221;Item&#8221; tab_id=&#8221;1762088742787-2&#8243;][fancy_box box_style=&#8221;color_box_basic&#8221; icon_family=&#8221;none&#8221; box_color=&#8221;#ffffff&#8221; content_color=&#8221;#2d4d6d&#8221; box_color_opacity=&#8221;0&#8243; box_alignment=&#8221;left&#8221; border_radius=&#8221;10px&#8221; image_loading=&#8221;default&#8221; image_size=&#8221;large&#8221;]\n<h4>RUGBY<br \/>\n3+<\/h4>\n<p>Um desporto de equipa cheio de energia que promove confian\u00e7a, esp\u00edrito de grupo e disciplina. Ideal para crian\u00e7as que gostam de movimento, desafio e divers\u00e3o ao ar livre.[\/fancy_box][\/item][item simple_slider_bg_image_position=&#8221;default&#8221; simple_slider_overlay_strength=&#8221;0.3&#8243; simple_slider_bg_image_loading=&#8221;default&#8221; id=&#8221;1762088742801-3&#8243; title=&#8221;Item&#8221; tab_id=&#8221;1762088742802-8&#8243;][fancy_box box_style=&#8221;color_box_basic&#8221; icon_family=&#8221;none&#8221; box_color=&#8221;#ffffff&#8221; content_color=&#8221;#2d4d6d&#8221; box_color_opacity=&#8221;0&#8243; box_alignment=&#8221;left&#8221; border_radius=&#8221;10px&#8221; image_loading=&#8221;default&#8221; image_size=&#8221;large&#8221;]\n<h4>FUTEBOL<br \/>\n3+<\/h4>\n<p>O desporto mais popular do mundo! As crian\u00e7as desenvolvem coordena\u00e7\u00e3o, trabalho de equipa e pensamento estrat\u00e9gico enquanto se divertem em jogos e treinos.[\/fancy_box][\/item][item simple_slider_bg_image_position=&#8221;default&#8221; simple_slider_overlay_strength=&#8221;0.3&#8243; simple_slider_bg_image_loading=&#8221;default&#8221; id=&#8221;1762088742767-8&#8243; title=&#8221;Item&#8221; tab_id=&#8221;1762088742768-0&#8243;][fancy_box box_style=&#8221;color_box_basic&#8221; icon_family=&#8221;none&#8221; box_color=&#8221;#ffffff&#8221; content_color=&#8221;#2d4d6d&#8221; box_color_opacity=&#8221;0&#8243; box_alignment=&#8221;left&#8221; border_radius=&#8221;10px&#8221; image_loading=&#8221;default&#8221; image_size=&#8221;large&#8221;]\n<h4>CULIN\u00c1RIA<br \/>\n3+<\/h4>\n<p>A culin\u00e1ria \u00e9 uma forma divertida e pr\u00e1tica de as crian\u00e7as aprenderem novas compet\u00eancias, explorarem sabores e descobrirem a alegria de criar as suas pr\u00f3prias receitas. Cada sess\u00e3o \u00e9 cheia de criatividade, trabalho em equipa e deliciosas descobertas.[\/fancy_box][\/item][\/carousel][\/vc_column][\/vc_row]\n","protected":false},"excerpt":{"rendered":"<p>[vc_row type=&#8221;full_width_content&#8221; full_screen_row_position=&#8221;middle&#8221; column_margin=&#8221;default&#8221; column_direction=&#8221;default&#8221; column_direction_tablet=&#8221;default&#8221; column_direction_phone=&#8221;default&#8221; scene_position=&#8221;center&#8221; text_color=&#8221;dark&#8221; text_align=&#8221;left&#8221; row_border_radius=&#8221;none&#8221; row_border_radius_applies=&#8221;bg&#8221; overflow=&#8221;visible&#8221; overlay_strength=&#8221;0.3&#8243; gradient_direction=&#8221;left_to_right&#8221; shape_divider_position=&#8221;bottom&#8221; bg_image_animation=&#8221;none&#8221; gradient_type=&#8221;default&#8221; shape_type=&#8221;&#8221;][vc_column column_padding=&#8221;no-extra-padding&#8221; column_padding_tablet=&#8221;inherit&#8221; column_padding_phone=&#8221;inherit&#8221; column_padding_position=&#8221;all&#8221; column_element_direction_desktop=&#8221;default&#8221; column_element_spacing=&#8221;default&#8221; desktop_text_alignment=&#8221;default&#8221; tablet_text_alignment=&#8221;default&#8221; phone_text_alignment=&#8221;default&#8221; background_color_opacity=&#8221;1&#8243; background_hover_color_opacity=&#8221;1&#8243;&#8230;<\/p>\n","protected":false},"author":1,"featured_media":0,"parent":2009,"menu_order":0,"comment_status":"closed","ping_status":"closed","template":"","meta":{"inline_featured_image":false,"footnotes":""},"class_list":["post-1880","page","type-page","status-publish"],"_links":{"self":[{"href":"https:\/\/beyondschool.pt\/pt-pt\/wp-json\/wp\/v2\/pages\/1880","targetHints":{"allow":["GET"]}}],"collection":[{"href":"https:\/\/beyondschool.pt\/pt-pt\/wp-json\/wp\/v2\/pages"}],"about":[{"href":"https:\/\/beyondschool.pt\/pt-pt\/wp-json\/wp\/v2\/types\/page"}],"author":[{"embeddable":true,"href":"https:\/\/beyondschool.pt\/pt-pt\/wp-json\/wp\/v2\/users\/1"}],"replies":[{"embeddable":true,"href":"https:\/\/beyondschool.pt\/pt-pt\/wp-json\/wp\/v2\/comments?post=1880"}],"version-history":[{"count":3,"href":"https:\/\/beyondschool.pt\/pt-pt\/wp-json\/wp\/v2\/pages\/1880\/revisions"}],"predecessor-version":[{"id":3941,"href":"https:\/\/beyondschool.pt\/pt-pt\/wp-json\/wp\/v2\/pages\/1880\/revisions\/3941"}],"up":[{"embeddable":true,"href":"https:\/\/beyondschool.pt\/pt-pt\/wp-json\/wp\/v2\/pages\/2009"}],"wp:attachment":[{"href":"https:\/\/beyondschool.pt\/pt-pt\/wp-json\/wp\/v2\/media?parent=1880"}],"curies":[{"name":"wp","href":"https:\/\/api.w.org\/{rel}","templated":true}]}}